{"id":29418,"date":"2024-04-11T11:37:02","date_gmt":"2024-04-11T10:37:02","guid":{"rendered":"https:\/\/lanterna-taxi-porec.com\/?page_id=29418"},"modified":"2024-04-11T11:38:32","modified_gmt":"2024-04-11T10:38:32","slug":"obavijest-o-zastiti-privatnosti-i-gdpr-u","status":"publish","type":"page","link":"https:\/\/lanterna-taxi-porec.com\/hr\/obavijest-o-zastiti-privatnosti-i-gdpr-u\/","title":{"rendered":"Obavijest o za\u0161titi privatnosti i GDPR-u"},"content":{"rendered":"<p>[et_pb_section fb_built=&#8221;1&#8243; custom_padding_last_edited=&#8221;on|tablet&#8221; _builder_version=&#8221;4.19.5&#8243; _module_preset=&#8221;default&#8221; use_background_color_gradient=&#8221;on&#8221; background_color_gradient_stops=&#8221;#04040c 0%|rgba(4,4,12,0.61) 31%&#8221; background_color_gradient_overlays_image=&#8221;on&#8221; background_image=&#8221;https:\/\/lanterna-taxi-porec.com\/wp-content\/uploads\/2023\/03\/excursions2.jpg&#8221; custom_margin=&#8221;0px||0px||false|false&#8221; custom_padding=&#8221;20vh||20vh||false|false&#8221; custom_padding_tablet=&#8221;140px||180px||false|false&#8221; custom_padding_phone=&#8221;250px||100px||false|false&#8221; animation_style=&#8221;fade&#8221; animation_duration=&#8221;900ms&#8221; animation_speed_curve=&#8221;ease&#8221; global_colors_info=&#8221;{}&#8221;][et_pb_row _builder_version=&#8221;4.19.5&#8243; _module_preset=&#8221;default&#8221; max_width=&#8221;976%&#8221; custom_margin=&#8221;0px||0px||false|false&#8221; custom_padding=&#8221;0px||0px||false|false&#8221; global_colors_info=&#8221;{}&#8221;][et_pb_column type=&#8221;4_4&#8243; _builder_version=&#8221;4.19.0&#8243; _module_preset=&#8221;default&#8221; global_colors_info=&#8221;{}&#8221;][et_pb_text _builder_version=&#8221;4.19.5&#8243; _module_preset=&#8221;default&#8221; header_font=&#8221;Chivo|700|||||||&#8221; header_text_align=&#8221;left&#8221; header_text_color=&#8221;#FFFFFF&#8221; header_font_size=&#8221;55px&#8221; header_line_height=&#8221;1.2em&#8221; custom_margin=&#8221;0px||3px||false|false&#8221; custom_padding=&#8221;68px||0px||false|false&#8221; animation_style=&#8221;slide&#8221; animation_direction=&#8221;bottom&#8221; animation_delay=&#8221;200ms&#8221; animation_intensity_slide=&#8221;10%&#8221; animation_speed_curve=&#8221;ease&#8221; header_font_size_tablet=&#8221;64px&#8221; header_font_size_phone=&#8221;25px&#8221; header_font_size_last_edited=&#8221;on|tablet&#8221; global_colors_info=&#8221;{}&#8221;]<\/p>\n<h1>Obavijest o za\u0161titi privatnosti i GDPR-u<\/h1>\n<p>[\/et_pb_text][\/et_pb_column][\/et_pb_row][\/et_pb_section][et_pb_section fb_built=&#8221;1&#8243; _builder_version=&#8221;4.19.5&#8243; _module_preset=&#8221;default&#8221; background_color=&#8221;#000000&#8243; global_colors_info=&#8221;{}&#8221;][et_pb_row _builder_version=&#8221;4.19.5&#8243; _module_preset=&#8221;default&#8221; max_width=&#8221;80%&#8221; global_colors_info=&#8221;{}&#8221;][et_pb_column type=&#8221;4_4&#8243; _builder_version=&#8221;4.19.5&#8243; _module_preset=&#8221;default&#8221; global_colors_info=&#8221;{}&#8221;][et_pb_text _builder_version=&#8221;4.19.5&#8243; _module_preset=&#8221;default&#8221; text_text_color=&#8221;#FFFFFF&#8221; global_colors_info=&#8221;{}&#8221;]<\/p>\n<p>Va\u0161a privatnost nam je od velike va\u017enosti. Kako bismo osigurali da su va\u0161i osobni podaci sigurni i da se koriste na odgovoran na\u010din, pridr\u017eavamo se Op\u0107e uredbe o za\u0161titi podataka (GDPR).<\/p>\n<p><strong>Koje osobne podatke prikupljamo?<\/strong><\/p>\n<p>Prilikom kori\u0161tenja na\u0161ih usluga prijevoza, mo\u017eemo prikupljati odre\u0111ene osobne podatke kako bismo vam omogu\u0107ili pru\u017eanje usluga i unaprijedili va\u0161e iskustvo s nama. To mo\u017ee uklju\u010divati:<\/p>\n<p>&#8211; Ime i prezime<br \/>&#8211; Kontakt informacije (telefonski broj, e-mail adresa)<br \/>&#8211; Adresu za preuzimanje i odredi\u0161te<br \/>&#8211; Informacije o pla\u0107anju<\/p>\n<p><strong>Kako koristimo va\u0161e osobne podatke?<\/strong><\/p>\n<p>Va\u0161e osobne podatke koristimo isklju\u010divo u svrhu pru\u017eanja usluga prijevoza i pobolj\u0161anja kvalitete na\u0161ih usluga. To mo\u017ee uklju\u010divati sljede\u0107e svrhe:<\/p>\n<p>&#8211; Organiziranje i izvr\u0161avanje vo\u017enji<br \/>&#8211; Komunikacija s vama u vezi s va\u0161im rezervacijama i upitima<br \/>&#8211; Analiza podataka radi unaprje\u0111enja na\u0161ih usluga<br \/>&#8211; Osiguranje sigurnosti i za\u0161tite na\u0161ih korisnika i njihovih podataka<\/p>\n<p><strong>Kako \u0161titimo va\u0161e osobne podatke?<\/strong><\/p>\n<p>Poduzimamo razne tehni\u010dke, organizacijske i administrativne mjere kako bismo osigurali sigurnost va\u0161ih osobnih podataka. To uklju\u010duje za\u0161titu podataka od neovla\u0161tenog pristupa, zloupotrebe, gubitka ili uni\u0161tenja.<\/p>\n<p><strong>Va\u0161a prava u vezi s osobnim podacima<\/strong><\/p>\n<p>Prema GDPR-u, imate odre\u0111ena prava u vezi s va\u0161im osobnim podacima, uklju\u010duju\u0107i pravo na pristup, ispravak, brisanje i ograni\u010denje obrade. Tako\u0111er imate pravo prigovora na na\u010din na koji obra\u0111ujemo va\u0161e osobne podatke.<\/p>\n<p><strong>Kontakt informacije<\/strong><\/p>\n<p>Ako imate bilo kakvih pitanja ili \u017eelite ostvariti svoja prava u vezi s osobnim podacima, slobodno nas kontaktirajte putem sljede\u0107ih kontaktnih informacija:<\/p>\n<p>E-mail adresa: lanternataxi.porec@gmail.com<br \/>Tel: +385 91 733 97 26<\/p>\n<p>**Promjene u na\u0161oj politici privatnosti**<\/p>\n<p>Ova obavijest o privatnosti mo\u017ee se povremeno a\u017eurirati kako bismo odra\u017eavali promjene u na\u010dinu na koji obra\u0111ujemo va\u0161e osobne podatke ili zbog promjena u zakonodavstvu. Molimo vas da redovito pregledavate na\u0161u politiku privatnosti radi najnovijih informacija.<\/p>\n<p>Hvala vam \u0161to ste nas odabrali za va\u0161e prijevozne potrebe.<\/p>\n<p>[\/et_pb_text][\/et_pb_column][\/et_pb_row][\/et_pb_section]<\/p>\n","protected":false},"excerpt":{"rendered":"<p>Obavijest o za\u0161titi privatnosti i GDPR-uVa\u0161a privatnost nam je od velike va\u017enosti. Kako bismo osigurali da su va\u0161i osobni podaci sigurni i da se koriste na odgovoran na\u010din, pridr\u017eavamo se Op\u0107e uredbe o za\u0161titi podataka (GDPR). Koje osobne podatke prikupljamo? Prilikom kori\u0161tenja na\u0161ih usluga prijevoza, mo\u017eemo prikupljati odre\u0111ene osobne podatke kako bismo vam omogu\u0107ili pru\u017eanje [&hellip;]<\/p>\n","protected":false},"author":1,"featured_media":0,"parent":0,"menu_order":0,"comment_status":"closed","ping_status":"closed","template":"","meta":{"_et_pb_use_builder":"on","_et_pb_old_content":"","_et_gb_content_width":"","footnotes":""},"class_list":["post-29418","page","type-page","status-publish","hentry"],"_links":{"self":[{"href":"https:\/\/lanterna-taxi-porec.com\/hr\/wp-json\/wp\/v2\/pages\/29418","targetHints":{"allow":["GET"]}}],"collection":[{"href":"https:\/\/lanterna-taxi-porec.com\/hr\/wp-json\/wp\/v2\/pages"}],"about":[{"href":"https:\/\/lanterna-taxi-porec.com\/hr\/wp-json\/wp\/v2\/types\/page"}],"author":[{"embeddable":true,"href":"https:\/\/lanterna-taxi-porec.com\/hr\/wp-json\/wp\/v2\/users\/1"}],"replies":[{"embeddable":true,"href":"https:\/\/lanterna-taxi-porec.com\/hr\/wp-json\/wp\/v2\/comments?post=29418"}],"version-history":[{"count":5,"href":"https:\/\/lanterna-taxi-porec.com\/hr\/wp-json\/wp\/v2\/pages\/29418\/revisions"}],"predecessor-version":[{"id":29424,"href":"https:\/\/lanterna-taxi-porec.com\/hr\/wp-json\/wp\/v2\/pages\/29418\/revisions\/29424"}],"wp:attachment":[{"href":"https:\/\/lanterna-taxi-porec.com\/hr\/wp-json\/wp\/v2\/media?parent=29418"}],"curies":[{"name":"wp","href":"https:\/\/api.w.org\/{rel}","templated":true}]}}