{"id":29350,"date":"2023-03-23T06:35:25","date_gmt":"2023-03-23T05:35:25","guid":{"rendered":"https:\/\/taxi-porec.tempurl.host\/?page_id=29350"},"modified":"2023-03-26T07:22:34","modified_gmt":"2023-03-26T06:22:34","slug":"transferi","status":"publish","type":"page","link":"https:\/\/lanterna-taxi-porec.com\/hr\/transferi\/","title":{"rendered":"Transferi"},"content":{"rendered":"<p>[et_pb_section fb_built=&#8221;1&#8243; custom_padding_last_edited=&#8221;on|tablet&#8221; _builder_version=&#8221;4.19.5&#8243; _module_preset=&#8221;default&#8221; use_background_color_gradient=&#8221;on&#8221; background_color_gradient_stops=&#8221;#04040c 0%|rgba(4,4,12,0.4) 31%&#8221; background_color_gradient_overlays_image=&#8221;on&#8221; background_image=&#8221;https:\/\/lanterna-taxi-porec.com\/wp-content\/uploads\/2023\/03\/transfers2.jpg&#8221; custom_margin=&#8221;0px||0px||false|false&#8221; custom_padding=&#8221;20vh||20vh||false|false&#8221; custom_padding_tablet=&#8221;140px||180px||false|false&#8221; custom_padding_phone=&#8221;226px||100px||false|false&#8221; animation_style=&#8221;fade&#8221; animation_duration=&#8221;900ms&#8221; animation_speed_curve=&#8221;ease&#8221; global_colors_info=&#8221;{}&#8221;][et_pb_row _builder_version=&#8221;4.19.5&#8243; _module_preset=&#8221;default&#8221; max_width=&#8221;976%&#8221; custom_margin=&#8221;0px||0px||false|false&#8221; custom_padding=&#8221;0px||0px||false|false&#8221; global_colors_info=&#8221;{}&#8221;][et_pb_column type=&#8221;4_4&#8243; _builder_version=&#8221;4.19.0&#8243; _module_preset=&#8221;default&#8221; global_colors_info=&#8221;{}&#8221;][et_pb_text _builder_version=&#8221;4.19.5&#8243; _module_preset=&#8221;default&#8221; header_font=&#8221;Chivo|700|||||||&#8221; header_text_align=&#8221;left&#8221; header_text_color=&#8221;#FFFFFF&#8221; header_font_size=&#8221;55px&#8221; header_line_height=&#8221;1.2em&#8221; custom_margin=&#8221;0px||3px||false|false&#8221; custom_padding=&#8221;68px||0px||false|false&#8221; animation_style=&#8221;slide&#8221; animation_direction=&#8221;bottom&#8221; animation_delay=&#8221;200ms&#8221; animation_intensity_slide=&#8221;10%&#8221; animation_speed_curve=&#8221;ease&#8221; header_font_size_tablet=&#8221;64px&#8221; header_font_size_phone=&#8221;25px&#8221; header_font_size_last_edited=&#8221;on|tablet&#8221; global_colors_info=&#8221;{}&#8221;]<\/p>\n<h1>Transferi<\/h1>\n<p>[\/et_pb_text][et_pb_text _builder_version=&#8221;4.19.5&#8243; _module_preset=&#8221;default&#8221; text_font=&#8221;Chivo||||||||&#8221; text_text_color=&#8221;#FFFFFF&#8221; text_font_size=&#8221;18px&#8221; text_line_height=&#8221;1.6em&#8221; max_width=&#8221;660px&#8221; custom_margin=&#8221;0px||39px||false|false&#8221; custom_margin_tablet=&#8221;0px||39px||false|false&#8221; custom_margin_phone=&#8221;0px||27px||false|false&#8221; custom_margin_last_edited=&#8221;on|phone&#8221; custom_padding=&#8221;0px||0px||false|false&#8221; animation_style=&#8221;slide&#8221; animation_direction=&#8221;bottom&#8221; animation_delay=&#8221;500ms&#8221; animation_intensity_slide=&#8221;20%&#8221; animation_speed_curve=&#8221;ease&#8221; text_font_size_tablet=&#8221;18px&#8221; text_font_size_phone=&#8221;17px&#8221; text_font_size_last_edited=&#8221;on|phone&#8221; global_colors_info=&#8221;{}&#8221;]<\/p>\n<p>Ukoliko Vam je potreban transfer s aerodroma, autobusnog i \u017eeljezni\u010dkog kolodvora ili do brodske luke. Na\u0161i profesionalni voza\u010di sa znanjem vi\u0161e stranih jezika uvijek su pravi izbor.<\/p>\n<p>[\/et_pb_text][et_pb_button button_url=&#8221;#kontakt&#8221; button_text=&#8221;Kontaktirajte nas&#8221; button_alignment=&#8221;left&#8221; _builder_version=&#8221;4.19.5&#8243; _module_preset=&#8221;default&#8221; custom_button=&#8221;on&#8221; button_text_size=&#8221;18px&#8221; button_text_color=&#8221;#000000&#8243; button_bg_color=&#8221;#EDF000&#8243; button_border_width=&#8221;2px&#8221; button_border_color=&#8221;#edf000&#8243; button_border_radius=&#8221;0px&#8221; button_font=&#8221;Chivo||||||||&#8221; button_icon=&#8221;&#x35;||divi||400&#8243; button_icon_color=&#8221;#000000&#8243; button_on_hover=&#8221;off&#8221; custom_margin=&#8221;0px||0px||false|false&#8221; custom_padding=&#8221;10px|59px|10px|41px|false|false&#8221; animation_style=&#8221;slide&#8221; animation_direction=&#8221;bottom&#8221; animation_delay=&#8221;800ms&#8221; animation_intensity_slide=&#8221;20%&#8221; animation_speed_curve=&#8221;ease&#8221; global_colors_info=&#8221;{}&#8221; button_bg_color__hover_enabled=&#8221;on|hover&#8221; button_bg_color__hover=&#8221;RGBA(255,255,255,0)&#8221; button_bg_enable_color__hover=&#8221;on&#8221; button_border_color__hover_enabled=&#8221;on|desktop&#8221; button_border_color__hover=&#8221;rgba(255,255,255,0.2)&#8221; button_letter_spacing__hover_enabled=&#8221;on|hover&#8221; button_letter_spacing__hover=&#8221;0px&#8221;][\/et_pb_button][\/et_pb_column][\/et_pb_row][\/et_pb_section][et_pb_section fb_built=&#8221;1&#8243; _builder_version=&#8221;4.19.5&#8243; _module_preset=&#8221;default&#8221; background_color=&#8221;#000000&#8243; global_colors_info=&#8221;{}&#8221;][et_pb_row column_structure=&#8221;1_4,1_4,1_4,1_4&#8243; _builder_version=&#8221;4.19.5&#8243; _module_preset=&#8221;default&#8221; global_colors_info=&#8221;{}&#8221;][et_pb_column type=&#8221;1_4&#8243; _builder_version=&#8221;4.19.5&#8243; _module_preset=&#8221;default&#8221; global_colors_info=&#8221;{}&#8221;][et_pb_blurb use_icon=&#8221;on&#8221; font_icon=&#8221;&#xe052;||divi||400&#8243; icon_color=&#8221;#FFFFFF&#8221; image_icon_width=&#8221;42px&#8221; _builder_version=&#8221;4.19.5&#8243; _module_preset=&#8221;default&#8221; body_text_align=&#8221;center&#8221; body_text_color=&#8221;#FFFFFF&#8221; body_font_size=&#8221;21px&#8221; body_line_height=&#8221;0.5em&#8221; global_colors_info=&#8221;{}&#8221;]Pula aerodrom PUY[\/et_pb_blurb][\/et_pb_column][et_pb_column type=&#8221;1_4&#8243; _builder_version=&#8221;4.19.5&#8243; _module_preset=&#8221;default&#8221; global_colors_info=&#8221;{}&#8221;][et_pb_blurb use_icon=&#8221;on&#8221; font_icon=&#8221;&#xe052;||divi||400&#8243; icon_color=&#8221;#FFFFFF&#8221; image_icon_width=&#8221;42px&#8221; _builder_version=&#8221;4.19.5&#8243; _module_preset=&#8221;default&#8221; body_text_align=&#8221;center&#8221; body_text_color=&#8221;#FFFFFF&#8221; body_font_size=&#8221;21px&#8221; body_line_height=&#8221;0.5em&#8221; global_colors_info=&#8221;{}&#8221;]Rijeka aerodrom RJK[\/et_pb_blurb][\/et_pb_column][et_pb_column type=&#8221;1_4&#8243; _builder_version=&#8221;4.19.5&#8243; _module_preset=&#8221;default&#8221; global_colors_info=&#8221;{}&#8221;][et_pb_blurb use_icon=&#8221;on&#8221; font_icon=&#8221;&#xe052;||divi||400&#8243; icon_color=&#8221;#FFFFFF&#8221; image_icon_width=&#8221;42px&#8221; _builder_version=&#8221;4.19.5&#8243; _module_preset=&#8221;default&#8221; body_text_align=&#8221;center&#8221; body_text_color=&#8221;#FFFFFF&#8221; body_font_size=&#8221;21px&#8221; body_line_height=&#8221;0.5em&#8221; global_colors_info=&#8221;{}&#8221;]Zagreb aerodrom ZAG[\/et_pb_blurb][\/et_pb_column][et_pb_column type=&#8221;1_4&#8243; _builder_version=&#8221;4.19.5&#8243; _module_preset=&#8221;default&#8221; global_colors_info=&#8221;{}&#8221;][et_pb_blurb use_icon=&#8221;on&#8221; font_icon=&#8221;&#xe052;||divi||400&#8243; icon_color=&#8221;#FFFFFF&#8221; image_icon_width=&#8221;42px&#8221; _builder_version=&#8221;4.19.5&#8243; _module_preset=&#8221;default&#8221; body_text_align=&#8221;center&#8221; body_text_color=&#8221;#FFFFFF&#8221; body_font_size=&#8221;21px&#8221; body_line_height=&#8221;0.5em&#8221; global_colors_info=&#8221;{}&#8221;]Ljubljana aerodrom LJU[\/et_pb_blurb][\/et_pb_column][\/et_pb_row][et_pb_row column_structure=&#8221;1_4,1_4,1_4,1_4&#8243; _builder_version=&#8221;4.19.5&#8243; _module_preset=&#8221;default&#8221; global_colors_info=&#8221;{}&#8221;][et_pb_column type=&#8221;1_4&#8243; _builder_version=&#8221;4.19.5&#8243; _module_preset=&#8221;default&#8221; global_colors_info=&#8221;{}&#8221;][et_pb_blurb use_icon=&#8221;on&#8221; font_icon=&#8221;&#xe052;||divi||400&#8243; icon_color=&#8221;#FFFFFF&#8221; image_icon_width=&#8221;42px&#8221; _builder_version=&#8221;4.19.5&#8243; _module_preset=&#8221;default&#8221; body_text_align=&#8221;center&#8221; body_text_color=&#8221;#FFFFFF&#8221; body_font_size=&#8221;21px&#8221; body_line_height=&#8221;0.5em&#8221; global_colors_info=&#8221;{}&#8221;]Venecija aerodrom VCE[\/et_pb_blurb][\/et_pb_column][et_pb_column type=&#8221;1_4&#8243; _builder_version=&#8221;4.19.5&#8243; _module_preset=&#8221;default&#8221; global_colors_info=&#8221;{}&#8221;][et_pb_blurb use_icon=&#8221;on&#8221; font_icon=&#8221;&#xe052;||divi||400&#8243; icon_color=&#8221;#FFFFFF&#8221; image_icon_width=&#8221;42px&#8221; _builder_version=&#8221;4.19.5&#8243; _module_preset=&#8221;default&#8221; body_text_align=&#8221;center&#8221; body_text_color=&#8221;#FFFFFF&#8221; body_font_size=&#8221;21px&#8221; body_line_height=&#8221;0.5em&#8221; global_colors_info=&#8221;{}&#8221;]Treviso aerodrom TSF[\/et_pb_blurb][\/et_pb_column][et_pb_column type=&#8221;1_4&#8243; _builder_version=&#8221;4.19.5&#8243; _module_preset=&#8221;default&#8221; global_colors_info=&#8221;{}&#8221;][et_pb_blurb use_icon=&#8221;on&#8221; font_icon=&#8221;&#xe052;||divi||400&#8243; icon_color=&#8221;#FFFFFF&#8221; image_icon_width=&#8221;42px&#8221; _builder_version=&#8221;4.19.5&#8243; _module_preset=&#8221;default&#8221; body_text_align=&#8221;center&#8221; body_text_color=&#8221;#FFFFFF&#8221; body_font_size=&#8221;21px&#8221; body_line_height=&#8221;0.5em&#8221; global_colors_info=&#8221;{}&#8221;]Trst aerodrom TRS[\/et_pb_blurb][\/et_pb_column][et_pb_column type=&#8221;1_4&#8243; _builder_version=&#8221;4.19.5&#8243; _module_preset=&#8221;default&#8221; global_colors_info=&#8221;{}&#8221;][\/et_pb_column][\/et_pb_row][\/et_pb_section][et_pb_section fb_built=&#8221;1&#8243; _builder_version=&#8221;4.19.5&#8243; _module_preset=&#8221;default&#8221; background_color=&#8221;#000000&#8243; custom_padding=&#8221;0px||0px|||&#8221; global_colors_info=&#8221;{}&#8221;][et_pb_row _builder_version=&#8221;4.19.5&#8243; _module_preset=&#8221;default&#8221; width=&#8221;99%&#8221; max_width=&#8221;99%&#8221; custom_padding=&#8221;8px|||||&#8221; global_colors_info=&#8221;{}&#8221;][et_pb_column type=&#8221;4_4&#8243; _builder_version=&#8221;4.19.5&#8243; _module_preset=&#8221;default&#8221; global_colors_info=&#8221;{}&#8221;][deg_elastic_gallery gallery_ids=&#8221;29119,29118,29120,29128&#8243; _builder_version=&#8221;4.19.5&#8243; _module_preset=&#8221;default&#8221; custom_margin=&#8221;-5px|||||&#8221; global_colors_info=&#8221;{}&#8221;][\/deg_elastic_gallery][\/et_pb_column][\/et_pb_row][\/et_pb_section]<\/p>\n","protected":false},"excerpt":{"rendered":"<p>TransferiUkoliko Vam je potreban transfer s aerodroma, autobusnog i \u017eeljezni\u010dkog kolodvora ili do brodske luke. Na\u0161i profesionalni voza\u010di sa znanjem vi\u0161e stranih jezika uvijek su pravi izbor.Pula aerodrom PUYRijeka aerodrom RJKZagreb aerodrom ZAGLjubljana aerodrom LJUVenecija aerodrom VCETreviso aerodrom TSFTrst aerodrom TRS<div class=\"et_pb_module deg_elastic_gallery deg_elastic_gallery_0\">\n\t\t\t\t\n\t\t\t\t\n\t\t\t\t\n\t\t\t\t\n\t\t\t\t\n\t\t\t\t\n\t\t\t\t<div class=\"et_pb_module_inner\">\n\t\t\t\t\t\n\t\t\t<div class=\"deg-gallery-wrapper\">\n\t\t\t\t\n\t\t\t\t<div style=\"opacity: 0;\" data-min-images=\"2,2,2\" data-sizes=\"175,175,175\" data-space=\"10,10,10\" class=\"deg-gallery-container deg-modal-gallery  \">\n\t\t\t\t\t\n\t\t\t\t\t<figure style=\"width:200px;\" data-original=\"https:\/\/lanterna-taxi-porec.com\/wp-content\/uploads\/2023\/03\/taxi-transfer-porec-2.jpg\"   data-categories=\"\" class=\"deg-gallery-item   deg-with-animation deg-fade-in\">\n\t\t\t\t\t\t\n\t\t\t\t\t\t<img class=\"deg-lazyload\" alt=\"taxi-transfer-porec (2)\" data-src=\"https:\/\/lanterna-taxi-porec.com\/wp-content\/uploads\/2023\/03\/taxi-transfer-porec-2-900x600.jpg\" width=\"900\" height=\"600\" \/>\n\t\t\t\t\t\t<span class=\"et_overlay\"><\/span>\n\t\t\t\t\t\t\n\t\t\t\t\t<\/figure>\n\t\t\t\t\t\n\t\t\t\t\t<figure style=\"width:200px;\" data-original=\"https:\/\/lanterna-taxi-porec.com\/wp-content\/uploads\/2023\/03\/taxi-transfer-porec-1.jpg\"   data-categories=\"\" class=\"deg-gallery-item   deg-with-animation deg-fade-in\">\n\t\t\t\t\t\t\n\t\t\t\t\t\t<img class=\"deg-lazyload\" alt=\"taxi-transfer-porec (1)\" data-src=\"https:\/\/lanterna-taxi-porec.com\/wp-content\/uploads\/2023\/03\/taxi-transfer-porec-1-900x600.jpg\" width=\"900\" height=\"600\" \/>\n\t\t\t\t\t\t<span class=\"et_overlay\"><\/span>\n\t\t\t\t\t\t\n\t\t\t\t\t<\/figure>\n\t\t\t\t\t\n\t\t\t\t\t<figure style=\"width:200px;\" data-original=\"https:\/\/lanterna-taxi-porec.com\/wp-content\/uploads\/2023\/03\/taxi-transfer-porec-4.jpg\"   data-categories=\"\" class=\"deg-gallery-item   deg-with-animation deg-fade-in\">\n\t\t\t\t\t\t\n\t\t\t\t\t\t<img class=\"deg-lazyload\" alt=\"taxi-transfer-porec (4)\" data-src=\"https:\/\/lanterna-taxi-porec.com\/wp-content\/uploads\/2023\/03\/taxi-transfer-porec-4-900x600.jpg\" width=\"900\" height=\"600\" \/>\n\t\t\t\t\t\t<span class=\"et_overlay\"><\/span>\n\t\t\t\t\t\t\n\t\t\t\t\t<\/figure>\n\t\t\t\t\t\n\t\t\t\t\t<figure style=\"width:200px;\" data-original=\"https:\/\/lanterna-taxi-porec.com\/wp-content\/uploads\/2023\/03\/taxi-transfer-porec-5-1.jpg\"   data-categories=\"\" class=\"deg-gallery-item   deg-with-animation deg-fade-in\">\n\t\t\t\t\t\t\n\t\t\t\t\t\t<img class=\"deg-lazyload\" alt=\"taxi-transfer-porec (5)\" data-src=\"https:\/\/lanterna-taxi-porec.com\/wp-content\/uploads\/2023\/03\/taxi-transfer-porec-5-1-900x600.jpg\" width=\"900\" height=\"600\" \/>\n\t\t\t\t\t\t<span class=\"et_overlay\"><\/span>\n\t\t\t\t\t\t\n\t\t\t\t\t<\/figure>\n\t\t\t\t\t\n\t  \t\t\t<\/div>\n\t  \t\t\t\n  \t\t\t<\/div>\n  \t\t\t\n\t\t\t\t<\/div>\n\t\t\t<\/div><\/p>\n","protected":false},"author":1,"featured_media":0,"parent":0,"menu_order":0,"comment_status":"closed","ping_status":"closed","template":"","meta":{"_et_pb_use_builder":"on","_et_pb_old_content":"[et_pb_section fb_built=\"1\" custom_padding_last_edited=\"on|tablet\" _builder_version=\"4.19.5\" _module_preset=\"default\" use_background_color_gradient=\"on\" background_color_gradient_stops=\"#04040c 0%|rgba(4,4,12,0.4) 31%\" background_color_gradient_overlays_image=\"on\" background_image=\"https:\/\/lanterna-taxi-porec.com\/wp-content\/uploads\/2023\/03\/transfers2.jpg\" custom_margin=\"0px||0px||false|false\" custom_padding=\"20vh||20vh||false|false\" custom_padding_tablet=\"140px||180px||false|false\" custom_padding_phone=\"226px||100px||false|false\" animation_style=\"fade\" animation_duration=\"900ms\" animation_speed_curve=\"ease\" global_colors_info=\"{}\"][et_pb_row _builder_version=\"4.19.5\" _module_preset=\"default\" max_width=\"976%\" custom_margin=\"0px||0px||false|false\" custom_padding=\"0px||0px||false|false\" global_colors_info=\"{}\"][et_pb_column type=\"4_4\" _builder_version=\"4.19.0\" _module_preset=\"default\" global_colors_info=\"{}\"][et_pb_text _builder_version=\"4.19.5\" _module_preset=\"default\" header_font=\"Chivo|700|||||||\" header_text_align=\"left\" header_text_color=\"#FFFFFF\" header_font_size=\"55px\" header_line_height=\"1.2em\" custom_margin=\"0px||3px||false|false\" custom_padding=\"68px||0px||false|false\" animation_style=\"slide\" animation_direction=\"bottom\" animation_delay=\"200ms\" animation_intensity_slide=\"10%\" animation_speed_curve=\"ease\" header_font_size_tablet=\"64px\" header_font_size_phone=\"25px\" header_font_size_last_edited=\"on|tablet\" global_colors_info=\"{}\"]<h1>Transfers<\/h1>[\/et_pb_text][et_pb_text _builder_version=\"4.19.5\" _module_preset=\"default\" text_font=\"Chivo||||||||\" text_text_color=\"#FFFFFF\" text_font_size=\"18px\" text_line_height=\"1.6em\" max_width=\"660px\" custom_margin=\"0px||39px||false|false\" custom_margin_tablet=\"0px||39px||false|false\" custom_margin_phone=\"0px||27px||false|false\" custom_margin_last_edited=\"on|phone\" custom_padding=\"0px||0px||false|false\" animation_style=\"slide\" animation_direction=\"bottom\" animation_delay=\"500ms\" animation_intensity_slide=\"20%\" animation_speed_curve=\"ease\" text_font_size_tablet=\"18px\" text_font_size_phone=\"17px\" text_font_size_last_edited=\"on|phone\" global_colors_info=\"{}\"]If you need a transfer from the airport, bus and train station or to the shipping port. Our professional drivers with knowledge of several foreign languages \u200b\u200bare always the right choice for a reliable ride.[\/et_pb_text][et_pb_button button_url=\"#contact\" button_text=\"Contact us\" button_alignment=\"left\" _builder_version=\"4.19.5\" _module_preset=\"default\" custom_button=\"on\" button_text_size=\"18px\" button_text_color=\"#000000\" button_bg_color=\"#EDF000\" button_border_width=\"2px\" button_border_color=\"#edf000\" button_border_radius=\"0px\" button_font=\"Chivo||||||||\" button_icon=\"5||divi||400\" button_icon_color=\"#000000\" button_on_hover=\"off\" custom_margin=\"0px||0px||false|false\" custom_padding=\"10px|59px|10px|41px|false|false\" animation_style=\"slide\" animation_direction=\"bottom\" animation_delay=\"800ms\" animation_intensity_slide=\"20%\" animation_speed_curve=\"ease\" global_colors_info=\"{}\" button_bg_color__hover_enabled=\"on|hover\" button_bg_color__hover=\"RGBA(255,255,255,0)\" button_bg_enable_color__hover=\"on\" button_border_color__hover_enabled=\"on|desktop\" button_border_color__hover=\"rgba(255,255,255,0.2)\" button_letter_spacing__hover_enabled=\"on|hover\" button_letter_spacing__hover=\"0px\"][\/et_pb_button][\/et_pb_column][\/et_pb_row][\/et_pb_section][et_pb_section fb_built=\"1\" _builder_version=\"4.19.5\" _module_preset=\"default\" background_color=\"#000000\" global_colors_info=\"{}\"][et_pb_row column_structure=\"1_4,1_4,1_4,1_4\" _builder_version=\"4.19.5\" _module_preset=\"default\" global_colors_info=\"{}\"][et_pb_column type=\"1_4\" _builder_version=\"4.19.5\" _module_preset=\"default\" global_colors_info=\"{}\"][et_pb_blurb use_icon=\"on\" font_icon=\"\ue052||divi||400\" icon_color=\"#FFFFFF\" image_icon_width=\"42px\" _builder_version=\"4.19.5\" _module_preset=\"default\" body_text_align=\"center\" body_text_color=\"#FFFFFF\" body_font_size=\"21px\" body_line_height=\"0.5em\" global_colors_info=\"{}\"]Pula airport PUY[\/et_pb_blurb][\/et_pb_column][et_pb_column type=\"1_4\" _builder_version=\"4.19.5\" _module_preset=\"default\" global_colors_info=\"{}\"][et_pb_blurb use_icon=\"on\" font_icon=\"\ue052||divi||400\" icon_color=\"#FFFFFF\" image_icon_width=\"42px\" _builder_version=\"4.19.5\" _module_preset=\"default\" body_text_align=\"center\" body_text_color=\"#FFFFFF\" body_font_size=\"21px\" body_line_height=\"0.5em\" global_colors_info=\"{}\"]Rijeka airport RJK[\/et_pb_blurb][\/et_pb_column][et_pb_column type=\"1_4\" _builder_version=\"4.19.5\" _module_preset=\"default\" global_colors_info=\"{}\"][et_pb_blurb use_icon=\"on\" font_icon=\"\ue052||divi||400\" icon_color=\"#FFFFFF\" image_icon_width=\"42px\" _builder_version=\"4.19.5\" _module_preset=\"default\" body_text_align=\"center\" body_text_color=\"#FFFFFF\" body_font_size=\"21px\" body_line_height=\"0.5em\" global_colors_info=\"{}\"]Zagreb airport ZAG[\/et_pb_blurb][\/et_pb_column][et_pb_column type=\"1_4\" _builder_version=\"4.19.5\" _module_preset=\"default\" global_colors_info=\"{}\"][et_pb_blurb use_icon=\"on\" font_icon=\"\ue052||divi||400\" icon_color=\"#FFFFFF\" image_icon_width=\"42px\" _builder_version=\"4.19.5\" _module_preset=\"default\" body_text_align=\"center\" body_text_color=\"#FFFFFF\" body_font_size=\"21px\" body_line_height=\"0.5em\" global_colors_info=\"{}\"]Ljubljana airport LJU[\/et_pb_blurb][\/et_pb_column][\/et_pb_row][et_pb_row column_structure=\"1_4,1_4,1_4,1_4\" _builder_version=\"4.19.5\" _module_preset=\"default\" global_colors_info=\"{}\"][et_pb_column type=\"1_4\" _builder_version=\"4.19.5\" _module_preset=\"default\" global_colors_info=\"{}\"][et_pb_blurb use_icon=\"on\" font_icon=\"\ue052||divi||400\" icon_color=\"#FFFFFF\" image_icon_width=\"42px\" _builder_version=\"4.19.5\" _module_preset=\"default\" body_text_align=\"center\" body_text_color=\"#FFFFFF\" body_font_size=\"21px\" body_line_height=\"0.5em\" global_colors_info=\"{}\"]Venice Airport VCE[\/et_pb_blurb][\/et_pb_column][et_pb_column type=\"1_4\" _builder_version=\"4.19.5\" _module_preset=\"default\" global_colors_info=\"{}\"][et_pb_blurb use_icon=\"on\" font_icon=\"\ue052||divi||400\" icon_color=\"#FFFFFF\" image_icon_width=\"42px\" _builder_version=\"4.19.5\" _module_preset=\"default\" body_text_align=\"center\" body_text_color=\"#FFFFFF\" body_font_size=\"21px\" body_line_height=\"0.5em\" global_colors_info=\"{}\"]Treviso Airport TSF[\/et_pb_blurb][\/et_pb_column][et_pb_column type=\"1_4\" _builder_version=\"4.19.5\" _module_preset=\"default\" global_colors_info=\"{}\"][et_pb_blurb use_icon=\"on\" font_icon=\"\ue052||divi||400\" icon_color=\"#FFFFFF\" image_icon_width=\"42px\" _builder_version=\"4.19.5\" _module_preset=\"default\" body_text_align=\"center\" body_text_color=\"#FFFFFF\" body_font_size=\"21px\" body_line_height=\"0.5em\" global_colors_info=\"{}\"]Trieste airport TRS[\/et_pb_blurb][\/et_pb_column][et_pb_column type=\"1_4\" _builder_version=\"4.19.5\" _module_preset=\"default\" global_colors_info=\"{}\"][\/et_pb_column][\/et_pb_row][\/et_pb_section][et_pb_section fb_built=\"1\" _builder_version=\"4.19.5\" _module_preset=\"default\" background_color=\"#000000\" custom_padding=\"0px||0px|||\" global_colors_info=\"{}\"][et_pb_row _builder_version=\"4.19.5\" _module_preset=\"default\" width=\"99%\" max_width=\"99%\" custom_padding=\"8px|||||\" global_colors_info=\"{}\"][et_pb_column type=\"4_4\" _builder_version=\"4.19.5\" _module_preset=\"default\" global_colors_info=\"{}\"][deg_elastic_gallery gallery_ids=\"29119,29118,29120,29128\" _builder_version=\"4.19.5\" _module_preset=\"default\" custom_margin=\"-5px|||||\" global_colors_info=\"{}\"][\/deg_elastic_gallery][\/et_pb_column][\/et_pb_row][\/et_pb_section]","_et_gb_content_width":"","footnotes":""},"class_list":["post-29350","page","type-page","status-publish","hentry"],"_links":{"self":[{"href":"https:\/\/lanterna-taxi-porec.com\/hr\/wp-json\/wp\/v2\/pages\/29350","targetHints":{"allow":["GET"]}}],"collection":[{"href":"https:\/\/lanterna-taxi-porec.com\/hr\/wp-json\/wp\/v2\/pages"}],"about":[{"href":"https:\/\/lanterna-taxi-porec.com\/hr\/wp-json\/wp\/v2\/types\/page"}],"author":[{"embeddable":true,"href":"https:\/\/lanterna-taxi-porec.com\/hr\/wp-json\/wp\/v2\/users\/1"}],"replies":[{"embeddable":true,"href":"https:\/\/lanterna-taxi-porec.com\/hr\/wp-json\/wp\/v2\/comments?post=29350"}],"version-history":[{"count":5,"href":"https:\/\/lanterna-taxi-porec.com\/hr\/wp-json\/wp\/v2\/pages\/29350\/revisions"}],"predecessor-version":[{"id":29399,"href":"https:\/\/lanterna-taxi-porec.com\/hr\/wp-json\/wp\/v2\/pages\/29350\/revisions\/29399"}],"wp:attachment":[{"href":"https:\/\/lanterna-taxi-porec.com\/hr\/wp-json\/wp\/v2\/media?parent=29350"}],"curies":[{"name":"wp","href":"https:\/\/api.w.org\/{rel}","templated":true}]}}